{"id":125,"date":"2013-10-24T14:00:19","date_gmt":"2013-10-24T19:00:19","guid":{"rendered":"https:\/\/dfac.ca\/?page_id=125"},"modified":"2020-05-01T16:33:21","modified_gmt":"2020-05-01T21:33:21","slug":"liste-incapacite","status":"publish","type":"page","link":"https:\/\/dfac.ca\/fr\/liste-incapacite\/","title":{"rendered":"Liste des handicaps"},"content":{"rendered":"\n\t<p>Si vous vivez avec une incapacit\u00e9 ou une maladie parmi les suivantes, vous pourriez \u00eatre admissible \u00e0 une aide financi\u00e8re substantielle:<\/p>\n<ul>\n<li>Amputation<\/li>\n<li>Angine de poitrine<\/li>\n<li>Anomalie chromosomique<\/li>\n<li>Anorexie, boulimie ou autres troubles du comportement alimentaire<\/li>\n<li>Arthrite<\/li>\n<li>Arthrose<\/li>\n<li>Asthme<\/li>\n<li>Attaque<\/li>\n<li>C\u00e9cit\u00e9<\/li>\n<li>Chor\u00e9e de Huntington<\/li>\n<li>Colite<\/li>\n<li>D\u00e9ficience intellectuelle<\/li>\n<li>D\u00e9mence<\/li>\n<li>D\u00e9pendances incluant l&rsquo;alcool, le jeu, les drogues etc.<\/li>\n<li>D\u00e9pression<\/li>\n<li>Dissociation mentale<\/li>\n<li>Dysgraphie<\/li>\n<li>\u00c9pilepsie<\/li>\n<li>\u00c9pilepsie infantile<\/li>\n<li>Fibromyalgie<\/li>\n<li>H\u00e9patite C<\/li>\n<li>Hypothyro\u00efdie<\/li>\n<li>Hypotonie<\/li>\n<li>Insuffisance en Glut1<\/li>\n<li>L\u00e9sion de la Moelle \u00e9pini\u00e8re<\/li>\n<li>Maladie coronarienne<\/li>\n<li>Maladie d&rsquo;Alzheimer<\/li>\n<li>Maladie de Crohn<\/li>\n<li>Maladie de Parkinson<\/li>\n<li>Maladie mentale<\/li>\n<li>Manie<\/li>\n<li>Microc\u00e9phalie<\/li>\n<li>Migraines<\/li>\n<li>Paralysie c\u00e9r\u00e9brale<\/li>\n<li>Psychose<\/li>\n<li>Retard de d\u00e9veloppement<\/li>\n<li>Retard global du d\u00e9veloppement<\/li>\n<li>R\u00e9tinoschisis<\/li>\n<li>Scoliose<\/li>\n<li>Schizophr\u00e9nie<\/li>\n<li>Scl\u00e9rose en plaques<\/li>\n<li>Scl\u00e9rose lat\u00e9rale amyotrophique<\/li>\n<li>Surdit\u00e9<\/li>\n<li>Syndrome d&rsquo;alcoolisation foetale (embryo-foetopathie alcoolique)<\/li>\n<li>Syndrome d&rsquo;apn\u00e9e du sommeil<\/li>\n<li>Syndrome de douleur chronique<\/li>\n<li>Syndrome de fatigue chronique<\/li>\n<li>Syndrome de la Tourette<\/li>\n<li>Syndrome de Prader-Willi<\/li>\n<li>Syndrome du c\u00f4lon irritable<\/li>\n<li>Syndrome Posttraumatique<\/li>\n<li>T\u00e9trapl\u00e9gique<\/li>\n<li>Trisomie 21<\/li>\n<li>Trouble anxieux, Crises de panique<\/li>\n<li>Troubles d\u00e9ficitaires de l&rsquo;attention. Troubles d\u00e9ficitaires de l&rsquo;attention avec hyperactivit\u00e9.<\/li>\n<li>Troubles de l&rsquo;apprentissage<\/li>\n<li>Troubles de la parole<\/li>\n<li>Trouble du sommeil<\/li>\n<li>Troubles du spectre autistique incluant le syndrome d&rsquo;Asperger, Trouble bipolaire, Trouble de l&rsquo;apprentissage<\/li>\n<li>Troubles \u00e9pileptiques<\/li>\n<li>Trouble Obsessionnel Compulsif<\/li>\n<li>Trouble Oppositionnel avec provocation<\/li>\n<li>Tumeur<\/li>\n<\/ul>\n","protected":false},"excerpt":{"rendered":"<p>Si vous vivez avec une incapacit\u00e9 ou une maladie parmi les suivantes, vous pourriez \u00eatre admissible \u00e0 une aide financi\u00e8re substantielle: Amputation Angine de poitrine Anomalie chromosomique Anorexie, boulimie ou autres troubles du comportement alimentaire Arthrite Arthrose Asthme Attaque C\u00e9cit\u00e9 Chor\u00e9e de Huntington Colite D\u00e9ficience intellectuelle D\u00e9mence D\u00e9pendances incluant l&rsquo;alcool, le jeu, les drogues etc. [&hellip;]<\/p>\n","protected":false},"author":2,"featured_media":3629,"parent":0,"menu_order":0,"comment_status":"closed","ping_status":"closed","template":"","meta":{"_genesis_hide_title":false,"_genesis_hide_breadcrumbs":false,"_genesis_hide_singular_image":false,"_genesis_hide_footer_widgets":false,"_genesis_custom_body_class":"","_genesis_custom_post_class":"","_genesis_layout":"","footnotes":""},"class_list":{"0":"post-125","1":"page","2":"type-page","3":"status-publish","4":"has-post-thumbnail","6":"entry"},"yoast_head":"<!-- This site is optimized with the Yoast SEO plugin v22.9 - https:\/\/yoast.com\/wordpress\/plugins\/seo\/ -->\n<title>Liste des handicaps et incapacit\u00e9s - DFAC.ca<\/title>\n<meta name=\"description\" content=\"Si vous vivez avec une incapacit\u00e9 ou une maladie parmi les suivantes, vous pourriez \u00eatre admissible \u00e0 une aide financi\u00e8re substantielle.\" \/>\n<meta name=\"robots\" content=\"index, follow, max-snippet:-1, max-image-preview:large, max-video-preview:-1\" \/>\n<link rel=\"canonical\" href=\"https:\/\/dfac.ca\/fr\/liste-incapacite\/\" \/>\n<meta property=\"og:locale\" content=\"fr_FR\" \/>\n<meta property=\"og:type\" content=\"article\" \/>\n<meta property=\"og:title\" content=\"Liste des handicaps et incapacit\u00e9s - DFAC.ca\" \/>\n<meta property=\"og:description\" content=\"Si vous vivez avec une incapacit\u00e9 ou une maladie parmi les suivantes, vous pourriez \u00eatre admissible \u00e0 une aide financi\u00e8re substantielle.\" \/>\n<meta property=\"og:url\" content=\"https:\/\/dfac.ca\/fr\/liste-incapacite\/\" \/>\n<meta property=\"og:site_name\" content=\"dfac.ca\" \/>\n<meta property=\"article:modified_time\" content=\"2020-05-01T21:33:21+00:00\" \/>\n<meta property=\"og:image\" content=\"https:\/\/dfac.ca\/wp-content\/uploads\/2020\/04\/brothers-1633653_1920-620x380-1.jpg\" \/>\n\t<meta property=\"og:image:width\" content=\"620\" \/>\n\t<meta property=\"og:image:height\" content=\"380\" \/>\n\t<meta property=\"og:image:type\" content=\"image\/jpeg\" \/>\n<meta name=\"twitter:card\" content=\"summary_large_image\" \/>\n<meta name=\"twitter:label1\" content=\"Dur\u00e9e de lecture estim\u00e9e\" \/>\n\t<meta name=\"twitter:data1\" content=\"1 minute\" \/>\n<script type=\"application\/ld+json\" class=\"yoast-schema-graph\">{\"@context\":\"https:\/\/schema.org\",\"@graph\":[{\"@type\":\"WebPage\",\"@id\":\"https:\/\/dfac.ca\/fr\/liste-incapacite\/\",\"url\":\"https:\/\/dfac.ca\/fr\/liste-incapacite\/\",\"name\":\"Liste des handicaps et incapacit\u00e9s - DFAC.ca\",\"isPartOf\":{\"@id\":\"https:\/\/dfac.ca\/#website\"},\"primaryImageOfPage\":{\"@id\":\"https:\/\/dfac.ca\/fr\/liste-incapacite\/#primaryimage\"},\"image\":{\"@id\":\"https:\/\/dfac.ca\/fr\/liste-incapacite\/#primaryimage\"},\"thumbnailUrl\":\"https:\/\/dfac.ca\/wp-content\/uploads\/2020\/04\/brothers-1633653_1920-620x380-1.jpg\",\"datePublished\":\"2013-10-24T19:00:19+00:00\",\"dateModified\":\"2020-05-01T21:33:21+00:00\",\"description\":\"Si vous vivez avec une incapacit\u00e9 ou une maladie parmi les suivantes, vous pourriez \u00eatre admissible \u00e0 une aide financi\u00e8re substantielle.\",\"breadcrumb\":{\"@id\":\"https:\/\/dfac.ca\/fr\/liste-incapacite\/#breadcrumb\"},\"inLanguage\":\"fr-FR\",\"potentialAction\":[{\"@type\":\"ReadAction\",\"target\":[\"https:\/\/dfac.ca\/fr\/liste-incapacite\/\"]}]},{\"@type\":\"ImageObject\",\"inLanguage\":\"fr-FR\",\"@id\":\"https:\/\/dfac.ca\/fr\/liste-incapacite\/#primaryimage\",\"url\":\"https:\/\/dfac.ca\/wp-content\/uploads\/2020\/04\/brothers-1633653_1920-620x380-1.jpg\",\"contentUrl\":\"https:\/\/dfac.ca\/wp-content\/uploads\/2020\/04\/brothers-1633653_1920-620x380-1.jpg\",\"width\":620,\"height\":380},{\"@type\":\"BreadcrumbList\",\"@id\":\"https:\/\/dfac.ca\/fr\/liste-incapacite\/#breadcrumb\",\"itemListElement\":[{\"@type\":\"ListItem\",\"position\":1,\"name\":\"Home\",\"item\":\"https:\/\/dfac.ca\/fr\/\"},{\"@type\":\"ListItem\",\"position\":2,\"name\":\"Liste des handicaps\"}]},{\"@type\":\"WebSite\",\"@id\":\"https:\/\/dfac.ca\/#website\",\"url\":\"https:\/\/dfac.ca\/\",\"name\":\"dfac.ca\",\"description\":\"Disability Financial Assitance Corporation\",\"publisher\":{\"@id\":\"https:\/\/dfac.ca\/#organization\"},\"potentialAction\":[{\"@type\":\"SearchAction\",\"target\":{\"@type\":\"EntryPoint\",\"urlTemplate\":\"https:\/\/dfac.ca\/?s={search_term_string}\"},\"query-input\":\"required name=search_term_string\"}],\"inLanguage\":\"fr-FR\"},{\"@type\":\"Organization\",\"@id\":\"https:\/\/dfac.ca\/#organization\",\"name\":\"dfac.ca\",\"url\":\"https:\/\/dfac.ca\/\",\"logo\":{\"@type\":\"ImageObject\",\"inLanguage\":\"fr-FR\",\"@id\":\"https:\/\/dfac.ca\/#\/schema\/logo\/image\/\",\"url\":\"https:\/\/dfac.ca\/wp-content\/uploads\/2020\/04\/dfac-logo-footer-300x116.png\",\"contentUrl\":\"https:\/\/dfac.ca\/wp-content\/uploads\/2020\/04\/dfac-logo-footer-300x116.png\",\"width\":300,\"height\":116,\"caption\":\"dfac.ca\"},\"image\":{\"@id\":\"https:\/\/dfac.ca\/#\/schema\/logo\/image\/\"}}]}<\/script>\n<!-- \/ Yoast SEO plugin. -->","yoast_head_json":{"title":"Liste des handicaps et incapacit\u00e9s - DFAC.ca","description":"Si vous vivez avec une incapacit\u00e9 ou une maladie parmi les suivantes, vous pourriez \u00eatre admissible \u00e0 une aide financi\u00e8re substantielle.","robots":{"index":"index","follow":"follow","max-snippet":"max-snippet:-1","max-image-preview":"max-image-preview:large","max-video-preview":"max-video-preview:-1"},"canonical":"https:\/\/dfac.ca\/fr\/liste-incapacite\/","og_locale":"fr_FR","og_type":"article","og_title":"Liste des handicaps et incapacit\u00e9s - DFAC.ca","og_description":"Si vous vivez avec une incapacit\u00e9 ou une maladie parmi les suivantes, vous pourriez \u00eatre admissible \u00e0 une aide financi\u00e8re substantielle.","og_url":"https:\/\/dfac.ca\/fr\/liste-incapacite\/","og_site_name":"dfac.ca","article_modified_time":"2020-05-01T21:33:21+00:00","og_image":[{"width":620,"height":380,"url":"https:\/\/dfac.ca\/wp-content\/uploads\/2020\/04\/brothers-1633653_1920-620x380-1.jpg","type":"image\/jpeg"}],"twitter_card":"summary_large_image","twitter_misc":{"Dur\u00e9e de lecture estim\u00e9e":"1 minute"},"schema":{"@context":"https:\/\/schema.org","@graph":[{"@type":"WebPage","@id":"https:\/\/dfac.ca\/fr\/liste-incapacite\/","url":"https:\/\/dfac.ca\/fr\/liste-incapacite\/","name":"Liste des handicaps et incapacit\u00e9s - DFAC.ca","isPartOf":{"@id":"https:\/\/dfac.ca\/#website"},"primaryImageOfPage":{"@id":"https:\/\/dfac.ca\/fr\/liste-incapacite\/#primaryimage"},"image":{"@id":"https:\/\/dfac.ca\/fr\/liste-incapacite\/#primaryimage"},"thumbnailUrl":"https:\/\/dfac.ca\/wp-content\/uploads\/2020\/04\/brothers-1633653_1920-620x380-1.jpg","datePublished":"2013-10-24T19:00:19+00:00","dateModified":"2020-05-01T21:33:21+00:00","description":"Si vous vivez avec une incapacit\u00e9 ou une maladie parmi les suivantes, vous pourriez \u00eatre admissible \u00e0 une aide financi\u00e8re substantielle.","breadcrumb":{"@id":"https:\/\/dfac.ca\/fr\/liste-incapacite\/#breadcrumb"},"inLanguage":"fr-FR","potentialAction":[{"@type":"ReadAction","target":["https:\/\/dfac.ca\/fr\/liste-incapacite\/"]}]},{"@type":"ImageObject","inLanguage":"fr-FR","@id":"https:\/\/dfac.ca\/fr\/liste-incapacite\/#primaryimage","url":"https:\/\/dfac.ca\/wp-content\/uploads\/2020\/04\/brothers-1633653_1920-620x380-1.jpg","contentUrl":"https:\/\/dfac.ca\/wp-content\/uploads\/2020\/04\/brothers-1633653_1920-620x380-1.jpg","width":620,"height":380},{"@type":"BreadcrumbList","@id":"https:\/\/dfac.ca\/fr\/liste-incapacite\/#breadcrumb","itemListElement":[{"@type":"ListItem","position":1,"name":"Home","item":"https:\/\/dfac.ca\/fr\/"},{"@type":"ListItem","position":2,"name":"Liste des handicaps"}]},{"@type":"WebSite","@id":"https:\/\/dfac.ca\/#website","url":"https:\/\/dfac.ca\/","name":"dfac.ca","description":"Disability Financial Assitance Corporation","publisher":{"@id":"https:\/\/dfac.ca\/#organization"},"potentialAction":[{"@type":"SearchAction","target":{"@type":"EntryPoint","urlTemplate":"https:\/\/dfac.ca\/?s={search_term_string}"},"query-input":"required name=search_term_string"}],"inLanguage":"fr-FR"},{"@type":"Organization","@id":"https:\/\/dfac.ca\/#organization","name":"dfac.ca","url":"https:\/\/dfac.ca\/","logo":{"@type":"ImageObject","inLanguage":"fr-FR","@id":"https:\/\/dfac.ca\/#\/schema\/logo\/image\/","url":"https:\/\/dfac.ca\/wp-content\/uploads\/2020\/04\/dfac-logo-footer-300x116.png","contentUrl":"https:\/\/dfac.ca\/wp-content\/uploads\/2020\/04\/dfac-logo-footer-300x116.png","width":300,"height":116,"caption":"dfac.ca"},"image":{"@id":"https:\/\/dfac.ca\/#\/schema\/logo\/image\/"}}]}},"_links":{"self":[{"href":"https:\/\/dfac.ca\/fr\/wp-json\/wp\/v2\/pages\/125","targetHints":{"allow":["GET"]}}],"collection":[{"href":"https:\/\/dfac.ca\/fr\/wp-json\/wp\/v2\/pages"}],"about":[{"href":"https:\/\/dfac.ca\/fr\/wp-json\/wp\/v2\/types\/page"}],"author":[{"embeddable":true,"href":"https:\/\/dfac.ca\/fr\/wp-json\/wp\/v2\/users\/2"}],"replies":[{"embeddable":true,"href":"https:\/\/dfac.ca\/fr\/wp-json\/wp\/v2\/comments?post=125"}],"version-history":[{"count":0,"href":"https:\/\/dfac.ca\/fr\/wp-json\/wp\/v2\/pages\/125\/revisions"}],"wp:featuredmedia":[{"embeddable":true,"href":"https:\/\/dfac.ca\/fr\/wp-json\/wp\/v2\/media\/3629"}],"wp:attachment":[{"href":"https:\/\/dfac.ca\/fr\/wp-json\/wp\/v2\/media?parent=125"}],"curies":[{"name":"wp","href":"https:\/\/api.w.org\/{rel}","templated":true}]}}