{"id":3213,"date":"2017-10-24T13:36:29","date_gmt":"2017-10-24T18:36:29","guid":{"rendered":"https:\/\/dfac.ca\/?page_id=3213\/"},"modified":"2020-05-01T16:41:47","modified_gmt":"2020-05-01T21:41:47","slug":"pour-les-professeurs","status":"publish","type":"page","link":"https:\/\/dfac.ca\/fr\/pour-les-professeurs\/","title":{"rendered":"Pour les professeurs"},"content":{"rendered":"\n\t\t\t\t<img decoding=\"async\" src=\"https:\/\/dfac.ca\/wp-content\/uploads\/2017\/10\/disruptive-child.jpg\" alt=\"disruptive-child\" itemprop=\"image\" height=\"467\" width=\"700\" title=\"disruptive-child\" onerror=\"this.style.display='none'\"  \/>\n\t<blockquote>\n<h2>\u00ab\u00a0Avoir inform\u00e9 les parents des services de la SAFP a chang\u00e9 la vie de mon \u00e9l\u00e8ve.\u00a0\u00bb<\/h2>\n\nProfesseur\n<\/blockquote>\n\t<h4 class-\"title\">Votre \u00e9l\u00e8ve pr\u00e9sente-t-il des difficult\u00e9s telles que ?<\/h4>\n<ul>\n<li>Des comportements impulsifs<\/li>\n<li>Des comportements provocateurs ou oppositionnels<\/li>\n<li>Un manque d\u2019autonomie dans la r\u00e9alisation et l\u2019ach\u00e8vement des t\u00e2ches<\/li>\n<li>Une incapacit\u00e9 \u00e0 exprimer ses \u00e9motions et ses besoins<\/li>\n<li>Un dysfonctionnement du syst\u00e8me ex\u00e9cutif<\/li>\n<li>Une incapacit\u00e9 \u00e0 contr\u00f4ler ses affects et r\u00e9guler ses \u00e9motions<\/li>\n<\/ul>\n<h4 class-\"title\">Votre \u00e9l\u00e8ve a-t-il re\u00e7u l\u2019un des diagnostics suivants?<\/h4>\n<ul>\n<li>Trouble d\u2019apprentissage<\/li>\n<li>TDA\/H \u2013 Trouble du d\u00e9ficit d\u2019attention\/ avec ou sans hyperactivit\u00e9<\/li>\n<li>Trouble oppositionnel avec provocation<\/li>\n<li>Trouble des fonctions ex\u00e9cutives<\/li>\n<li>TSA &#8211; Trouble du spectre autistique<\/li>\n<li>Anxi\u00e9t\u00e9<\/li>\n<\/ul>\n\t\t\t<a href=\"#\" id=\"fl-accordion--label-0\" tabindex=\"0\" aria-controls=\"fl-accordion--panel-0\">Comment cela fontionne-t-il?<\/a>\n\t\t<p><strong>Nous prenons en charge le dossier de l&rsquo;\u00e9l\u00e8ve de A \u00e0 Z<\/strong><\/p>\n<ol>\n<li>Nous compl\u00e9tons tous les papiers n\u00e9cessaires<\/li>\n<li>Nous sommes en contact avec le professionnel m\u00e9dical et les agences gouvernementales<\/li>\n<li>Nous faisons le suivi pour assurer l\u2019approbation du dossier<\/li>\n<li>Nous faisons appel en cas de besoin<\/li>\n<li>Une fois le dossier approuv\u00e9, nous prenons soin de toute la comptabilit\u00e9 pour maximiser les prestations<\/li>\n<li>Nous avisons la famille de votre \u00e9l\u00e8ve aussit\u00f4t que l\u2019argent est d\u00e9pos\u00e9 sur leur compte<\/li>\n<li>Nous ne facturons la famille que si la demande aboutit<\/li>\n<\/ol>\n\t\t\t<a href=\"#\" id=\"fl-accordion--label-1\" tabindex=\"0\" aria-controls=\"fl-accordion--panel-1\">Quelle est la prochaine \u00e9tape?<\/a>\n\t\t<p>Proposez \u00e0 votre \u00e9l\u00e8ve que sa famille nous contacte pour plus de renseignements.<\/p>\n<p>Une fois que nous d\u00e9terminons le programme qui convient le mieux \u00e0 votre \u00e9l\u00e8ve, nous g\u00e9rons l\u2019ensemble de la proc\u00e9dure.<\/p>\n<p>Votre \u00e9l\u00e8ve et sa famille pourront dormir sur leurs deux oreilles sachant que des professionnels travaillent \u00e0 d\u00e9fendre au mieux leurs int\u00e9r\u00eats!<\/p>\n\t\t\t<a href=\"#\" id=\"fl-accordion--label-2\" tabindex=\"0\" aria-controls=\"fl-accordion--panel-2\">Qui sommes-nous?<\/a>\n\t\t<p>La SAFP est fi\u00e8re de desservir l\u2019ensemble des canadiens depuis son si\u00e8ge bas\u00e9 au Qu\u00e9bec. <\/p>\n<p>Nous poss\u00e9dons 25 ann\u00e9es d\u2019exp\u00e9rience combin\u00e9e de travail aupr\u00e8s d\u2019individus et de familles avec des handicaps, dans les domaines du plaidoyer en mati\u00e8re d\u2019invalidit\u00e9, du droit fiscal et des proc\u00e9dures administratives gouvernementales.<\/p>\n<p>Nous sommes familiers des diff\u00e9rents programmes gouvernementaux auxquels votre \u00e9l\u00e8ve pourrait avoir droit et nous aidons \u00e0 y acc\u00e9der.<\/p>\n<p>Nos sp\u00e9cialistes exp\u00e9riment\u00e9s dans la coordination des prestations s\u2019assurent que le dossier de votre \u00e9l\u00e8ve est trait\u00e9 avec attention et professionnalisme, avec sensibilit\u00e9 et dans une enti\u00e8re confidentialit\u00e9.<\/p>\n<p>Notre \u00e9quipe de professionnels est compos\u00e9e de parents ayant de l\u2019exp\u00e9rience avec des personnes aux prises avec un handicap. Nous comprenons les difficult\u00e9s auxquelles est confront\u00e9 votre \u00e9l\u00e8ve et nous nous battrons pour lui.<\/p>\n\t<h4>Votre \u00e9l\u00e8ve pourrait b\u00e9n\u00e9ficier de prestations gouvernementales de plus de $30,000<\/h4>\n","protected":false},"excerpt":{"rendered":"<p>\u00ab\u00a0Avoir inform\u00e9 les parents des services de la SAFP a chang\u00e9 la vie de mon \u00e9l\u00e8ve.\u00a0\u00bb Professeur Votre \u00e9l\u00e8ve pr\u00e9sente-t-il des difficult\u00e9s telles que ? Des comportements impulsifs Des comportements provocateurs ou oppositionnels Un manque d\u2019autonomie dans la r\u00e9alisation et l\u2019ach\u00e8vement des t\u00e2ches Une incapacit\u00e9 \u00e0 exprimer ses \u00e9motions et ses besoins Un dysfonctionnement du [&hellip;]<\/p>\n","protected":false},"author":2,"featured_media":3215,"parent":0,"menu_order":0,"comment_status":"closed","ping_status":"closed","template":"","meta":{"_genesis_hide_title":false,"_genesis_hide_breadcrumbs":false,"_genesis_hide_singular_image":false,"_genesis_hide_footer_widgets":false,"_genesis_custom_body_class":"","_genesis_custom_post_class":"","_genesis_layout":"","footnotes":""},"class_list":{"0":"post-3213","1":"page","2":"type-page","3":"status-publish","4":"has-post-thumbnail","6":"entry"},"yoast_head":"<!-- This site is optimized with the Yoast SEO plugin v22.9 - https:\/\/yoast.com\/wordpress\/plugins\/seo\/ -->\n<title>Pour les professeurs - dfac.ca<\/title>\n<meta name=\"robots\" content=\"index, follow, max-snippet:-1, max-image-preview:large, max-video-preview:-1\" \/>\n<link rel=\"canonical\" href=\"https:\/\/dfac.ca\/fr\/pour-les-professeurs\/\" \/>\n<meta property=\"og:locale\" content=\"fr_FR\" \/>\n<meta property=\"og:type\" content=\"article\" \/>\n<meta property=\"og:title\" content=\"Pour les professeurs - dfac.ca\" \/>\n<meta property=\"og:description\" content=\"\u00ab\u00a0Avoir inform\u00e9 les parents des services de la SAFP a chang\u00e9 la vie de mon \u00e9l\u00e8ve.\u00a0\u00bb Professeur Votre \u00e9l\u00e8ve pr\u00e9sente-t-il des difficult\u00e9s telles que ? Des comportements impulsifs Des comportements provocateurs ou oppositionnels Un manque d\u2019autonomie dans la r\u00e9alisation et l\u2019ach\u00e8vement des t\u00e2ches Une incapacit\u00e9 \u00e0 exprimer ses \u00e9motions et ses besoins Un dysfonctionnement du [&hellip;]\" \/>\n<meta property=\"og:url\" content=\"https:\/\/dfac.ca\/fr\/pour-les-professeurs\/\" \/>\n<meta property=\"og:site_name\" content=\"dfac.ca\" \/>\n<meta property=\"article:modified_time\" content=\"2020-05-01T21:41:47+00:00\" \/>\n<meta property=\"og:image\" content=\"https:\/\/dfac.ca\/wp-content\/uploads\/2017\/10\/disruptive-child.jpg\" \/>\n\t<meta property=\"og:image:width\" content=\"700\" \/>\n\t<meta property=\"og:image:height\" content=\"467\" \/>\n\t<meta property=\"og:image:type\" content=\"image\/jpeg\" \/>\n<meta name=\"twitter:card\" content=\"summary_large_image\" \/>\n<meta name=\"twitter:label1\" content=\"Dur\u00e9e de lecture estim\u00e9e\" \/>\n\t<meta name=\"twitter:data1\" content=\"2 minutes\" \/>\n<script type=\"application\/ld+json\" class=\"yoast-schema-graph\">{\"@context\":\"https:\/\/schema.org\",\"@graph\":[{\"@type\":\"WebPage\",\"@id\":\"https:\/\/dfac.ca\/fr\/pour-les-professeurs\/\",\"url\":\"https:\/\/dfac.ca\/fr\/pour-les-professeurs\/\",\"name\":\"Pour les professeurs - dfac.ca\",\"isPartOf\":{\"@id\":\"https:\/\/dfac.ca\/#website\"},\"primaryImageOfPage\":{\"@id\":\"https:\/\/dfac.ca\/fr\/pour-les-professeurs\/#primaryimage\"},\"image\":{\"@id\":\"https:\/\/dfac.ca\/fr\/pour-les-professeurs\/#primaryimage\"},\"thumbnailUrl\":\"https:\/\/dfac.ca\/wp-content\/uploads\/2017\/10\/disruptive-child.jpg\",\"datePublished\":\"2017-10-24T18:36:29+00:00\",\"dateModified\":\"2020-05-01T21:41:47+00:00\",\"breadcrumb\":{\"@id\":\"https:\/\/dfac.ca\/fr\/pour-les-professeurs\/#breadcrumb\"},\"inLanguage\":\"fr-FR\",\"potentialAction\":[{\"@type\":\"ReadAction\",\"target\":[\"https:\/\/dfac.ca\/fr\/pour-les-professeurs\/\"]}]},{\"@type\":\"ImageObject\",\"inLanguage\":\"fr-FR\",\"@id\":\"https:\/\/dfac.ca\/fr\/pour-les-professeurs\/#primaryimage\",\"url\":\"https:\/\/dfac.ca\/wp-content\/uploads\/2017\/10\/disruptive-child.jpg\",\"contentUrl\":\"https:\/\/dfac.ca\/wp-content\/uploads\/2017\/10\/disruptive-child.jpg\",\"width\":700,\"height\":467},{\"@type\":\"BreadcrumbList\",\"@id\":\"https:\/\/dfac.ca\/fr\/pour-les-professeurs\/#breadcrumb\",\"itemListElement\":[{\"@type\":\"ListItem\",\"position\":1,\"name\":\"Home\",\"item\":\"https:\/\/dfac.ca\/fr\/\"},{\"@type\":\"ListItem\",\"position\":2,\"name\":\"Pour les professeurs\"}]},{\"@type\":\"WebSite\",\"@id\":\"https:\/\/dfac.ca\/#website\",\"url\":\"https:\/\/dfac.ca\/\",\"name\":\"dfac.ca\",\"description\":\"Disability Financial Assitance Corporation\",\"publisher\":{\"@id\":\"https:\/\/dfac.ca\/#organization\"},\"potentialAction\":[{\"@type\":\"SearchAction\",\"target\":{\"@type\":\"EntryPoint\",\"urlTemplate\":\"https:\/\/dfac.ca\/?s={search_term_string}\"},\"query-input\":\"required name=search_term_string\"}],\"inLanguage\":\"fr-FR\"},{\"@type\":\"Organization\",\"@id\":\"https:\/\/dfac.ca\/#organization\",\"name\":\"dfac.ca\",\"url\":\"https:\/\/dfac.ca\/\",\"logo\":{\"@type\":\"ImageObject\",\"inLanguage\":\"fr-FR\",\"@id\":\"https:\/\/dfac.ca\/#\/schema\/logo\/image\/\",\"url\":\"https:\/\/dfac.ca\/wp-content\/uploads\/2020\/04\/dfac-logo-footer-300x116.png\",\"contentUrl\":\"https:\/\/dfac.ca\/wp-content\/uploads\/2020\/04\/dfac-logo-footer-300x116.png\",\"width\":300,\"height\":116,\"caption\":\"dfac.ca\"},\"image\":{\"@id\":\"https:\/\/dfac.ca\/#\/schema\/logo\/image\/\"}}]}<\/script>\n<!-- \/ Yoast SEO plugin. -->","yoast_head_json":{"title":"Pour les professeurs - dfac.ca","robots":{"index":"index","follow":"follow","max-snippet":"max-snippet:-1","max-image-preview":"max-image-preview:large","max-video-preview":"max-video-preview:-1"},"canonical":"https:\/\/dfac.ca\/fr\/pour-les-professeurs\/","og_locale":"fr_FR","og_type":"article","og_title":"Pour les professeurs - dfac.ca","og_description":"\u00ab\u00a0Avoir inform\u00e9 les parents des services de la SAFP a chang\u00e9 la vie de mon \u00e9l\u00e8ve.\u00a0\u00bb Professeur Votre \u00e9l\u00e8ve pr\u00e9sente-t-il des difficult\u00e9s telles que ? Des comportements impulsifs Des comportements provocateurs ou oppositionnels Un manque d\u2019autonomie dans la r\u00e9alisation et l\u2019ach\u00e8vement des t\u00e2ches Une incapacit\u00e9 \u00e0 exprimer ses \u00e9motions et ses besoins Un dysfonctionnement du [&hellip;]","og_url":"https:\/\/dfac.ca\/fr\/pour-les-professeurs\/","og_site_name":"dfac.ca","article_modified_time":"2020-05-01T21:41:47+00:00","og_image":[{"width":700,"height":467,"url":"https:\/\/dfac.ca\/wp-content\/uploads\/2017\/10\/disruptive-child.jpg","type":"image\/jpeg"}],"twitter_card":"summary_large_image","twitter_misc":{"Dur\u00e9e de lecture estim\u00e9e":"2 minutes"},"schema":{"@context":"https:\/\/schema.org","@graph":[{"@type":"WebPage","@id":"https:\/\/dfac.ca\/fr\/pour-les-professeurs\/","url":"https:\/\/dfac.ca\/fr\/pour-les-professeurs\/","name":"Pour les professeurs - dfac.ca","isPartOf":{"@id":"https:\/\/dfac.ca\/#website"},"primaryImageOfPage":{"@id":"https:\/\/dfac.ca\/fr\/pour-les-professeurs\/#primaryimage"},"image":{"@id":"https:\/\/dfac.ca\/fr\/pour-les-professeurs\/#primaryimage"},"thumbnailUrl":"https:\/\/dfac.ca\/wp-content\/uploads\/2017\/10\/disruptive-child.jpg","datePublished":"2017-10-24T18:36:29+00:00","dateModified":"2020-05-01T21:41:47+00:00","breadcrumb":{"@id":"https:\/\/dfac.ca\/fr\/pour-les-professeurs\/#breadcrumb"},"inLanguage":"fr-FR","potentialAction":[{"@type":"ReadAction","target":["https:\/\/dfac.ca\/fr\/pour-les-professeurs\/"]}]},{"@type":"ImageObject","inLanguage":"fr-FR","@id":"https:\/\/dfac.ca\/fr\/pour-les-professeurs\/#primaryimage","url":"https:\/\/dfac.ca\/wp-content\/uploads\/2017\/10\/disruptive-child.jpg","contentUrl":"https:\/\/dfac.ca\/wp-content\/uploads\/2017\/10\/disruptive-child.jpg","width":700,"height":467},{"@type":"BreadcrumbList","@id":"https:\/\/dfac.ca\/fr\/pour-les-professeurs\/#breadcrumb","itemListElement":[{"@type":"ListItem","position":1,"name":"Home","item":"https:\/\/dfac.ca\/fr\/"},{"@type":"ListItem","position":2,"name":"Pour les professeurs"}]},{"@type":"WebSite","@id":"https:\/\/dfac.ca\/#website","url":"https:\/\/dfac.ca\/","name":"dfac.ca","description":"Disability Financial Assitance Corporation","publisher":{"@id":"https:\/\/dfac.ca\/#organization"},"potentialAction":[{"@type":"SearchAction","target":{"@type":"EntryPoint","urlTemplate":"https:\/\/dfac.ca\/?s={search_term_string}"},"query-input":"required name=search_term_string"}],"inLanguage":"fr-FR"},{"@type":"Organization","@id":"https:\/\/dfac.ca\/#organization","name":"dfac.ca","url":"https:\/\/dfac.ca\/","logo":{"@type":"ImageObject","inLanguage":"fr-FR","@id":"https:\/\/dfac.ca\/#\/schema\/logo\/image\/","url":"https:\/\/dfac.ca\/wp-content\/uploads\/2020\/04\/dfac-logo-footer-300x116.png","contentUrl":"https:\/\/dfac.ca\/wp-content\/uploads\/2020\/04\/dfac-logo-footer-300x116.png","width":300,"height":116,"caption":"dfac.ca"},"image":{"@id":"https:\/\/dfac.ca\/#\/schema\/logo\/image\/"}}]}},"_links":{"self":[{"href":"https:\/\/dfac.ca\/fr\/wp-json\/wp\/v2\/pages\/3213","targetHints":{"allow":["GET"]}}],"collection":[{"href":"https:\/\/dfac.ca\/fr\/wp-json\/wp\/v2\/pages"}],"about":[{"href":"https:\/\/dfac.ca\/fr\/wp-json\/wp\/v2\/types\/page"}],"author":[{"embeddable":true,"href":"https:\/\/dfac.ca\/fr\/wp-json\/wp\/v2\/users\/2"}],"replies":[{"embeddable":true,"href":"https:\/\/dfac.ca\/fr\/wp-json\/wp\/v2\/comments?post=3213"}],"version-history":[{"count":0,"href":"https:\/\/dfac.ca\/fr\/wp-json\/wp\/v2\/pages\/3213\/revisions"}],"wp:featuredmedia":[{"embeddable":true,"href":"https:\/\/dfac.ca\/fr\/wp-json\/wp\/v2\/media\/3215"}],"wp:attachment":[{"href":"https:\/\/dfac.ca\/fr\/wp-json\/wp\/v2\/media?parent=3213"}],"curies":[{"name":"wp","href":"https:\/\/api.w.org\/{rel}","templated":true}]}}