{"id":3618,"date":"2020-04-23T08:54:33","date_gmt":"2020-04-23T13:54:33","guid":{"rendered":"https:\/\/dfac.ca\/?page_id=3618"},"modified":"2025-05-28T22:53:23","modified_gmt":"2025-05-29T03:53:23","slug":"acceuil-2","status":"publish","type":"page","link":"https:\/\/dfac.ca\/fr\/","title":{"rendered":"Acceuil SAFP"},"content":{"rendered":"","protected":false},"excerpt":{"rendered":"","protected":false},"author":2,"featured_media":0,"parent":0,"menu_order":0,"comment_status":"closed","ping_status":"closed","template":"","meta":{"_genesis_hide_title":false,"_genesis_hide_breadcrumbs":false,"_genesis_hide_singular_image":false,"_genesis_hide_footer_widgets":false,"_genesis_custom_body_class":"","_genesis_custom_post_class":"","_genesis_layout":"","footnotes":""},"class_list":{"0":"post-3618","1":"page","2":"type-page","3":"status-publish","5":"entry"},"yoast_head":"<!-- This site is optimized with the Yoast SEO plugin v22.9 - https:\/\/yoast.com\/wordpress\/plugins\/seo\/ -->\n<title>SAFP Assistance Financi\u00e8re - Accueil<\/title>\n<meta name=\"description\" content=\"La Soci\u00e9t\u00e9 d&#039;Aide Financi\u00e8re aux Personnes handicap\u00e9es, comprend que chaque handicap est unique et a besoin de diff\u00e9rents types d&#039;assistance financi\u00e8re.\" \/>\n<meta name=\"robots\" content=\"index, follow, max-snippet:-1, max-image-preview:large, max-video-preview:-1\" \/>\n<link rel=\"canonical\" href=\"https:\/\/dfac.ca\/fr\/\" \/>\n<meta property=\"og:locale\" content=\"fr_FR\" \/>\n<meta property=\"og:type\" content=\"article\" \/>\n<meta property=\"og:title\" content=\"SAFP Assistance Financi\u00e8re - Accueil\" \/>\n<meta property=\"og:description\" content=\"La Soci\u00e9t\u00e9 d&#039;Aide Financi\u00e8re aux Personnes handicap\u00e9es, comprend que chaque handicap est unique et a besoin de diff\u00e9rents types d&#039;assistance financi\u00e8re.\" \/>\n<meta property=\"og:url\" content=\"https:\/\/dfac.ca\/fr\/\" \/>\n<meta property=\"og:site_name\" content=\"dfac.ca\" \/>\n<meta property=\"article:modified_time\" content=\"2025-05-29T03:53:23+00:00\" \/>\n<meta name=\"twitter:card\" content=\"summary_large_image\" \/>\n<script type=\"application\/ld+json\" class=\"yoast-schema-graph\">{\"@context\":\"https:\/\/schema.org\",\"@graph\":[{\"@type\":\"WebPage\",\"@id\":\"https:\/\/dfac.ca\/fr\/\",\"url\":\"https:\/\/dfac.ca\/fr\/\",\"name\":\"SAFP Assistance Financi\u00e8re - Accueil\",\"isPartOf\":{\"@id\":\"https:\/\/dfac.ca\/#website\"},\"datePublished\":\"2020-04-23T13:54:33+00:00\",\"dateModified\":\"2025-05-29T03:53:23+00:00\",\"description\":\"La Soci\u00e9t\u00e9 d'Aide Financi\u00e8re aux Personnes handicap\u00e9es, comprend que chaque handicap est unique et a besoin de diff\u00e9rents types d'assistance financi\u00e8re.\",\"breadcrumb\":{\"@id\":\"https:\/\/dfac.ca\/fr\/#breadcrumb\"},\"inLanguage\":\"fr-FR\",\"potentialAction\":[{\"@type\":\"ReadAction\",\"target\":[\"https:\/\/dfac.ca\/fr\/\"]}]},{\"@type\":\"BreadcrumbList\",\"@id\":\"https:\/\/dfac.ca\/fr\/#breadcrumb\",\"itemListElement\":[{\"@type\":\"ListItem\",\"position\":1,\"name\":\"Home\",\"item\":\"https:\/\/dfac.ca\/fr\/\"},{\"@type\":\"ListItem\",\"position\":2,\"name\":\"Acceuil SAFP\"}]},{\"@type\":\"WebSite\",\"@id\":\"https:\/\/dfac.ca\/#website\",\"url\":\"https:\/\/dfac.ca\/\",\"name\":\"dfac.ca\",\"description\":\"Disability Financial Assitance Corporation\",\"publisher\":{\"@id\":\"https:\/\/dfac.ca\/#organization\"},\"potentialAction\":[{\"@type\":\"SearchAction\",\"target\":{\"@type\":\"EntryPoint\",\"urlTemplate\":\"https:\/\/dfac.ca\/?s={search_term_string}\"},\"query-input\":\"required name=search_term_string\"}],\"inLanguage\":\"fr-FR\"},{\"@type\":\"Organization\",\"@id\":\"https:\/\/dfac.ca\/#organization\",\"name\":\"dfac.ca\",\"url\":\"https:\/\/dfac.ca\/\",\"logo\":{\"@type\":\"ImageObject\",\"inLanguage\":\"fr-FR\",\"@id\":\"https:\/\/dfac.ca\/#\/schema\/logo\/image\/\",\"url\":\"https:\/\/dfac.ca\/wp-content\/uploads\/2020\/04\/dfac-logo-footer-300x116.png\",\"contentUrl\":\"https:\/\/dfac.ca\/wp-content\/uploads\/2020\/04\/dfac-logo-footer-300x116.png\",\"width\":300,\"height\":116,\"caption\":\"dfac.ca\"},\"image\":{\"@id\":\"https:\/\/dfac.ca\/#\/schema\/logo\/image\/\"}}]}<\/script>\n<!-- \/ Yoast SEO plugin. -->","yoast_head_json":{"title":"SAFP Assistance Financi\u00e8re - Accueil","description":"La Soci\u00e9t\u00e9 d'Aide Financi\u00e8re aux Personnes handicap\u00e9es, comprend que chaque handicap est unique et a besoin de diff\u00e9rents types d'assistance financi\u00e8re.","robots":{"index":"index","follow":"follow","max-snippet":"max-snippet:-1","max-image-preview":"max-image-preview:large","max-video-preview":"max-video-preview:-1"},"canonical":"https:\/\/dfac.ca\/fr\/","og_locale":"fr_FR","og_type":"article","og_title":"SAFP Assistance Financi\u00e8re - Accueil","og_description":"La Soci\u00e9t\u00e9 d'Aide Financi\u00e8re aux Personnes handicap\u00e9es, comprend que chaque handicap est unique et a besoin de diff\u00e9rents types d'assistance financi\u00e8re.","og_url":"https:\/\/dfac.ca\/fr\/","og_site_name":"dfac.ca","article_modified_time":"2025-05-29T03:53:23+00:00","twitter_card":"summary_large_image","schema":{"@context":"https:\/\/schema.org","@graph":[{"@type":"WebPage","@id":"https:\/\/dfac.ca\/fr\/","url":"https:\/\/dfac.ca\/fr\/","name":"SAFP Assistance Financi\u00e8re - Accueil","isPartOf":{"@id":"https:\/\/dfac.ca\/#website"},"datePublished":"2020-04-23T13:54:33+00:00","dateModified":"2025-05-29T03:53:23+00:00","description":"La Soci\u00e9t\u00e9 d'Aide Financi\u00e8re aux Personnes handicap\u00e9es, comprend que chaque handicap est unique et a besoin de diff\u00e9rents types d'assistance financi\u00e8re.","breadcrumb":{"@id":"https:\/\/dfac.ca\/fr\/#breadcrumb"},"inLanguage":"fr-FR","potentialAction":[{"@type":"ReadAction","target":["https:\/\/dfac.ca\/fr\/"]}]},{"@type":"BreadcrumbList","@id":"https:\/\/dfac.ca\/fr\/#breadcrumb","itemListElement":[{"@type":"ListItem","position":1,"name":"Home","item":"https:\/\/dfac.ca\/fr\/"},{"@type":"ListItem","position":2,"name":"Acceuil SAFP"}]},{"@type":"WebSite","@id":"https:\/\/dfac.ca\/#website","url":"https:\/\/dfac.ca\/","name":"dfac.ca","description":"Disability Financial Assitance Corporation","publisher":{"@id":"https:\/\/dfac.ca\/#organization"},"potentialAction":[{"@type":"SearchAction","target":{"@type":"EntryPoint","urlTemplate":"https:\/\/dfac.ca\/?s={search_term_string}"},"query-input":"required name=search_term_string"}],"inLanguage":"fr-FR"},{"@type":"Organization","@id":"https:\/\/dfac.ca\/#organization","name":"dfac.ca","url":"https:\/\/dfac.ca\/","logo":{"@type":"ImageObject","inLanguage":"fr-FR","@id":"https:\/\/dfac.ca\/#\/schema\/logo\/image\/","url":"https:\/\/dfac.ca\/wp-content\/uploads\/2020\/04\/dfac-logo-footer-300x116.png","contentUrl":"https:\/\/dfac.ca\/wp-content\/uploads\/2020\/04\/dfac-logo-footer-300x116.png","width":300,"height":116,"caption":"dfac.ca"},"image":{"@id":"https:\/\/dfac.ca\/#\/schema\/logo\/image\/"}}]}},"_links":{"self":[{"href":"https:\/\/dfac.ca\/fr\/wp-json\/wp\/v2\/pages\/3618","targetHints":{"allow":["GET"]}}],"collection":[{"href":"https:\/\/dfac.ca\/fr\/wp-json\/wp\/v2\/pages"}],"about":[{"href":"https:\/\/dfac.ca\/fr\/wp-json\/wp\/v2\/types\/page"}],"author":[{"embeddable":true,"href":"https:\/\/dfac.ca\/fr\/wp-json\/wp\/v2\/users\/2"}],"replies":[{"embeddable":true,"href":"https:\/\/dfac.ca\/fr\/wp-json\/wp\/v2\/comments?post=3618"}],"version-history":[{"count":0,"href":"https:\/\/dfac.ca\/fr\/wp-json\/wp\/v2\/pages\/3618\/revisions"}],"wp:attachment":[{"href":"https:\/\/dfac.ca\/fr\/wp-json\/wp\/v2\/media?parent=3618"}],"curies":[{"name":"wp","href":"https:\/\/api.w.org\/{rel}","templated":true}]}}